{"id":12116,"date":"2026-02-16T13:00:27","date_gmt":"2026-02-16T12:00:27","guid":{"rendered":"https:\/\/thebavariaresidence.com\/impressum\/"},"modified":"2026-03-03T15:54:46","modified_gmt":"2026-03-03T14:54:46","slug":"impressum","status":"publish","type":"page","link":"https:\/\/thebavariaresidence.com\/de\/impressum\/","title":{"rendered":"Impressum"},"content":{"rendered":"\t\t<div data-elementor-type=\"wp-page\" data-elementor-id=\"12116\" class=\"elementor elementor-12116 elementor-11022\">\n\t\t\t\t<div class=\"elementor-element elementor-element-7ff8868b e-flex e-con-boxed e-con e-parent\" data-id=\"7ff8868b\" data-element_type=\"container\" data-e-type=\"container\">\n\t\t\t\t\t<div class=\"e-con-inner\">\n\t\t\t\t<div class=\"elementor-element elementor-element-18064c88 elementor-widget elementor-widget-text-editor\" data-id=\"18064c88\" data-element_type=\"widget\" data-e-type=\"widget\" data-settings=\"{&quot;ekit_we_effect_on&quot;:&quot;none&quot;}\" data-widget_type=\"text-editor.default\">\n\t\t\t\t\t\t\t\t\t<p><strong>Angaben gem\u00e4\u00df \u00a7 5 DDG<\/strong><\/p><p>Von Hirsch GmbH<br>M\u00fcnchnerstra\u00dfe 15a<br>82319 Starnberg<br>Deutschland<\/p><p><strong>Vertreten duch:<\/strong><br>Sebastian Hirsch (CEO)<\/p><p><strong>Kontakt<\/strong><br>Telefon: +49 (0) 151 59447020<br>Email: info@vonhirschimmobilien.de<\/p><p>Handelsregistereintrag<\/p><p>Eintragung im Handelsregister.<br>Registergericht: Amtsgericht M\u00fcnchen<br>Registernummer: HRB 306570<\/p><p>Umsatzsteuer-ID:<br>Umsatzsteuer-Identifikationsnummer gem\u00e4\u00df \u00a727 a Umsatzsteuergesetz:<br>DE 296336712<\/p><p>Erlaubnis gem\u00e4\u00df \u00a7 34c der Gewerbeordnung (GewO)<\/p><p><strong>Erteilt durch<\/strong><br>Landratsamt Konstanz<br>Benediktinerplatz 1<br>78467 Konstanz<br>Deutschland<\/p><p><strong>Aufsichtsbeh\u00f6rde<\/strong><br>Landratsamt Starnberg<br>Strandbadstra\u00dfe 2<br>82319 Starnberg<br>Deutschland<\/p><p><strong>Haftung f\u00fcr Inhalte<\/strong><\/p><p>Die auf dieser Website bereitgestellten Informationen dienen ausschlie\u00dflich allgemeinen Informationszwecken. Sie stellen keine Rechtsberatung dar und k\u00f6nnen eine professionelle rechtliche Beratung nicht ersetzen. <\/p><p>Obwohl die Inhalte dieser Website mit gr\u00f6\u00dftm\u00f6glicher Sorgfalt erstellt wurden, \u00fcbernehmen wir keine Gew\u00e4hr f\u00fcr deren Richtigkeit, Vollst\u00e4ndigkeit oder Aktualit\u00e4t. Aufgrund fortlaufender rechtlicher, technischer und inhaltlicher Entwicklungen k\u00f6nnen Informationen im Laufe der Zeit veralten. <\/p><p>Bei konkreten rechtlichen Anliegen empfehlen wir, eine qualifizierte Rechtsanw\u00e4ltin bzw. einen qualifizierten Rechtsanwalt zu konsultieren.<\/p><p><strong>Urheberrecht<\/strong><\/p><p>Die auf dieser Website ver\u00f6ffentlichten Inhalte unterliegen dem deutschen Urheberrecht. Beitr\u00e4ge Dritter sind als solche gekennzeichnet. <\/p><p>Jede Vervielf\u00e4ltigung, Bearbeitung, Verbreitung oder Nutzung au\u00dferhalb der Grenzen des Urheberrechts bedarf der vorherigen schriftlichen Zustimmung der Von Hirsch GmbH oder der jeweiligen Rechteinhaberin bzw. des jeweiligen Rechteinhabers.<\/p><p>Downloads und Kopien dieser Website sind nur f\u00fcr den privaten, nicht kommerziellen Gebrauch gestattet.<\/p><p><strong>Haftung f\u00fcr Links<\/strong><\/p><p>Diese Website enth\u00e4lt Links zu externen Websites Dritter. Auf deren Inhalte haben wir keinen Einfluss. F\u00fcr die Inhalte der verlinkten Seiten ist stets der jeweilige Anbieter oder Betreiber verantwortlich.  <\/p><p>Sobald uns Rechtsverst\u00f6\u00dfe bekannt werden, werden derartige Links umgehend entfernt.<\/p>\t\t\t\t\t\t\t\t<\/div>\n\t\t\t\t\t<\/div>\n\t\t\t\t<\/div>\n\t\t\t\t<\/div>\n\t\t","protected":false},"excerpt":{"rendered":"<p>Angaben gem\u00e4\u00df \u00a7 5 DDG Von Hirsch GmbHM\u00fcnchnerstra\u00dfe 15a82319 StarnbergDeutschland Vertreten duch:Sebastian [&hellip;]<\/p>\n","protected":false},"author":1,"featured_media":0,"parent":0,"menu_order":0,"comment_status":"closed","ping_status":"closed","template":"elementor_theme","meta":{"footnotes":""},"class_list":["post-12116","page","type-page","status-publish","hentry"],"_links":{"self":[{"href":"https:\/\/thebavariaresidence.com\/de\/wp-json\/wp\/v2\/pages\/12116","targetHints":{"allow":["GET"]}}],"collection":[{"href":"https:\/\/thebavariaresidence.com\/de\/wp-json\/wp\/v2\/pages"}],"about":[{"href":"https:\/\/thebavariaresidence.com\/de\/wp-json\/wp\/v2\/types\/page"}],"author":[{"embeddable":true,"href":"https:\/\/thebavariaresidence.com\/de\/wp-json\/wp\/v2\/users\/1"}],"replies":[{"embeddable":true,"href":"https:\/\/thebavariaresidence.com\/de\/wp-json\/wp\/v2\/comments?post=12116"}],"version-history":[{"count":3,"href":"https:\/\/thebavariaresidence.com\/de\/wp-json\/wp\/v2\/pages\/12116\/revisions"}],"predecessor-version":[{"id":12203,"href":"https:\/\/thebavariaresidence.com\/de\/wp-json\/wp\/v2\/pages\/12116\/revisions\/12203"}],"wp:attachment":[{"href":"https:\/\/thebavariaresidence.com\/de\/wp-json\/wp\/v2\/media?parent=12116"}],"curies":[{"name":"wp","href":"https:\/\/api.w.org\/{rel}","templated":true}]}}