{"id":12128,"date":"2025-01-22T05:37:43","date_gmt":"2025-01-22T04:37:43","guid":{"rendered":"https:\/\/thebavariaresidence.com\/partyhaus\/"},"modified":"2026-03-03T11:35:34","modified_gmt":"2026-03-03T10:35:34","slug":"partyhaus","status":"publish","type":"page","link":"https:\/\/thebavariaresidence.com\/de\/partyhaus\/","title":{"rendered":"Partyhaus"},"content":{"rendered":"\t\t<div data-elementor-type=\"wp-page\" data-elementor-id=\"12128\" class=\"elementor elementor-12128 elementor-9549\">\n\t\t\t\t<div data-ekitparallax=\"{&quot;ekit_section_parallax_bg&quot;:&quot;yes&quot;,&quot;ekit_section_parallax_bg_speed&quot;:0.5,&quot;elementor_lazy_load&quot;:&quot;1&quot;}\" class=\"elementor-element elementor-element-d793ccc e-flex e-con-boxed e-con e-parent\" data-id=\"d793ccc\" data-element_type=\"container\" data-e-type=\"container\" data-settings=\"{&quot;background_background&quot;:&quot;classic&quot;}\">\n\t\t\t\t\t<div class=\"e-con-inner\">\n\t\t<div class=\"elementor-element elementor-element-7b80afe e-con-full e-flex e-con e-child\" data-id=\"7b80afe\" data-element_type=\"container\" data-e-type=\"container\">\n\t\t\t\t<div class=\"elementor-element elementor-element-4ba619c at-heading-animation at-animation-heading-style-2 elementor-widget elementor-widget-heading\" data-id=\"4ba619c\" data-element_type=\"widget\" data-e-type=\"widget\" data-settings=\"{&quot;ekit_we_effect_on&quot;:&quot;none&quot;}\" data-widget_type=\"heading.default\">\n\t\t\t\t\t<h1 class=\"elementor-heading-title elementor-size-default\">PARTYHAUS<\/h1>\t\t\t\t<\/div>\n\t\t\t\t<\/div>\n\t\t\t\t\t<\/div>\n\t\t\t\t<\/div>\n\t\t<div class=\"elementor-element elementor-element-694a6bf e-flex e-con-boxed e-con e-parent\" data-id=\"694a6bf\" data-element_type=\"container\" data-e-type=\"container\">\n\t\t\t\t\t<div class=\"e-con-inner\">\n\t\t<div class=\"elementor-element elementor-element-c8fb99c e-con-full e-flex e-con e-child\" data-id=\"c8fb99c\" data-element_type=\"container\" data-e-type=\"container\">\n\t\t<div class=\"elementor-element elementor-element-ad811dc e-con-full sticky-column e-flex e-con e-child\" data-id=\"ad811dc\" data-element_type=\"container\" data-e-type=\"container\">\n\t\t<div class=\"elementor-element elementor-element-0693ea4 e-con-full e-flex elementor-invisible e-con e-child\" data-id=\"0693ea4\" data-element_type=\"container\" data-e-type=\"container\" data-settings=\"{&quot;animation&quot;:&quot;fadeInUp&quot;}\">\n\t\t\t\t<div class=\"elementor-element elementor-element-1b1ff24 elementor-widget elementor-widget-inclub-elementor-template\" data-id=\"1b1ff24\" data-element_type=\"widget\" data-e-type=\"widget\" data-settings=\"{&quot;ekit_we_effect_on&quot;:&quot;none&quot;}\" data-widget_type=\"inclub-elementor-template.default\">\n\t\t\t\t<div class=\"elementor-widget-container\">\n\t\t\t\t\t\t\t<div class=\"elementor-template\">\n\t\t\t\t\t<div data-elementor-type=\"section\" data-elementor-id=\"8108\" class=\"elementor elementor-8108\">\n\t\t\t\t<div class=\"elementor-element elementor-element-3553b82 e-flex e-con-boxed e-con e-parent\" data-id=\"3553b82\" data-element_type=\"container\" data-e-type=\"container\" data-settings=\"{&quot;background_background&quot;:&quot;classic&quot;}\">\n\t\t\t\t\t<div class=\"e-con-inner\">\n\t\t<div class=\"elementor-element elementor-element-ee8fb3f e-con-full e-flex e-con e-child\" data-id=\"ee8fb3f\" data-element_type=\"container\" data-e-type=\"container\">\n\t\t\t\t<div class=\"elementor-element elementor-element-00b2459 at-heading-animation at-animation-heading-none elementor-widget elementor-widget-heading\" data-id=\"00b2459\" data-element_type=\"widget\" data-e-type=\"widget\" data-settings=\"{&quot;ekit_we_effect_on&quot;:&quot;none&quot;}\" data-widget_type=\"heading.default\">\n\t\t\t\t\t<h2 class=\"elementor-heading-title elementor-size-default\">WHAT WE PROVIDE<\/h2>\t\t\t\t<\/div>\n\t\t\t\t<div class=\"elementor-element elementor-element-99bfc4e amenities-catagery-list elementor-icon-list--layout-traditional elementor-list-item-link-full_width elementor-widget elementor-widget-icon-list\" data-id=\"99bfc4e\" data-element_type=\"widget\" data-e-type=\"widget\" data-settings=\"{&quot;ekit_we_effect_on&quot;:&quot;none&quot;}\" data-widget_type=\"icon-list.default\">\n\t\t\t\t\t\t\t<ul class=\"elementor-icon-list-items\">\n\t\t\t\t\t\t\t<li class=\"elementor-icon-list-item\">\n\t\t\t\t\t\t\t\t\t\t\t<a href=\"https:\/\/thebavariaresidence.com\/the-main-residence\/\">\n\n\t\t\t\t\t\t\t\t\t\t\t\t<span class=\"elementor-icon-list-icon\">\n\t\t\t\t\t\t\t<svg aria-hidden=\"true\" class=\"e-font-icon-svg e-fas-chevron-right\" viewBox=\"0 0 320 512\" xmlns=\"http:\/\/www.w3.org\/2000\/svg\"><path d=\"M285.476 272.971L91.132 467.314c-9.373 9.373-24.569 9.373-33.941 0l-22.667-22.667c-9.357-9.357-9.375-24.522-.04-33.901L188.505 256 34.484 101.255c-9.335-9.379-9.317-24.544.04-33.901l22.667-22.667c9.373-9.373 24.569-9.373 33.941 0L285.475 239.03c9.373 9.372 9.373 24.568.001 33.941z\"><\/path><\/svg>\t\t\t\t\t\t<\/span>\n\t\t\t\t\t\t\t\t\t\t<span class=\"elementor-icon-list-text\">The Main Residence<\/span>\n\t\t\t\t\t\t\t\t\t\t\t<\/a>\n\t\t\t\t\t\t\t\t\t<\/li>\n\t\t\t\t\t\t\t\t<li class=\"elementor-icon-list-item\">\n\t\t\t\t\t\t\t\t\t\t\t<a href=\"https:\/\/thebavariaresidence.com\/boat-house\/\">\n\n\t\t\t\t\t\t\t\t\t\t\t\t<span class=\"elementor-icon-list-icon\">\n\t\t\t\t\t\t\t<svg aria-hidden=\"true\" class=\"e-font-icon-svg e-fas-chevron-right\" viewBox=\"0 0 320 512\" xmlns=\"http:\/\/www.w3.org\/2000\/svg\"><path d=\"M285.476 272.971L91.132 467.314c-9.373 9.373-24.569 9.373-33.941 0l-22.667-22.667c-9.357-9.357-9.375-24.522-.04-33.901L188.505 256 34.484 101.255c-9.335-9.379-9.317-24.544.04-33.901l22.667-22.667c9.373-9.373 24.569-9.373 33.941 0L285.475 239.03c9.373 9.372 9.373 24.568.001 33.941z\"><\/path><\/svg>\t\t\t\t\t\t<\/span>\n\t\t\t\t\t\t\t\t\t\t<span class=\"elementor-icon-list-text\">The Boat House<\/span>\n\t\t\t\t\t\t\t\t\t\t\t<\/a>\n\t\t\t\t\t\t\t\t\t<\/li>\n\t\t\t\t\t\t\t\t<li class=\"elementor-icon-list-item\">\n\t\t\t\t\t\t\t\t\t\t\t<a href=\"https:\/\/thebavariaresidence.com\/the-guest-residence\/\">\n\n\t\t\t\t\t\t\t\t\t\t\t\t<span class=\"elementor-icon-list-icon\">\n\t\t\t\t\t\t\t<svg aria-hidden=\"true\" class=\"e-font-icon-svg e-fas-chevron-right\" viewBox=\"0 0 320 512\" xmlns=\"http:\/\/www.w3.org\/2000\/svg\"><path d=\"M285.476 272.971L91.132 467.314c-9.373 9.373-24.569 9.373-33.941 0l-22.667-22.667c-9.357-9.357-9.375-24.522-.04-33.901L188.505 256 34.484 101.255c-9.335-9.379-9.317-24.544.04-33.901l22.667-22.667c9.373-9.373 24.569-9.373 33.941 0L285.475 239.03c9.373 9.372 9.373 24.568.001 33.941z\"><\/path><\/svg>\t\t\t\t\t\t<\/span>\n\t\t\t\t\t\t\t\t\t\t<span class=\"elementor-icon-list-text\">The Guest House<\/span>\n\t\t\t\t\t\t\t\t\t\t\t<\/a>\n\t\t\t\t\t\t\t\t\t<\/li>\n\t\t\t\t\t\t\t\t<li class=\"elementor-icon-list-item\">\n\t\t\t\t\t\t\t\t\t\t\t<a href=\"https:\/\/thebavariaresidence.com\/staff-house\/\">\n\n\t\t\t\t\t\t\t\t\t\t\t\t<span class=\"elementor-icon-list-icon\">\n\t\t\t\t\t\t\t<svg aria-hidden=\"true\" class=\"e-font-icon-svg e-fas-chevron-right\" viewBox=\"0 0 320 512\" xmlns=\"http:\/\/www.w3.org\/2000\/svg\"><path d=\"M285.476 272.971L91.132 467.314c-9.373 9.373-24.569 9.373-33.941 0l-22.667-22.667c-9.357-9.357-9.375-24.522-.04-33.901L188.505 256 34.484 101.255c-9.335-9.379-9.317-24.544.04-33.901l22.667-22.667c9.373-9.373 24.569-9.373 33.941 0L285.475 239.03c9.373 9.372 9.373 24.568.001 33.941z\"><\/path><\/svg>\t\t\t\t\t\t<\/span>\n\t\t\t\t\t\t\t\t\t\t<span class=\"elementor-icon-list-text\">The Staff House<\/span>\n\t\t\t\t\t\t\t\t\t\t\t<\/a>\n\t\t\t\t\t\t\t\t\t<\/li>\n\t\t\t\t\t\t\t\t<li class=\"elementor-icon-list-item\">\n\t\t\t\t\t\t\t\t\t\t\t<a href=\"https:\/\/thebavariaresidence.com\/party-house\/\">\n\n\t\t\t\t\t\t\t\t\t\t\t\t<span class=\"elementor-icon-list-icon\">\n\t\t\t\t\t\t\t<svg aria-hidden=\"true\" class=\"e-font-icon-svg e-fas-chevron-right\" viewBox=\"0 0 320 512\" xmlns=\"http:\/\/www.w3.org\/2000\/svg\"><path d=\"M285.476 272.971L91.132 467.314c-9.373 9.373-24.569 9.373-33.941 0l-22.667-22.667c-9.357-9.357-9.375-24.522-.04-33.901L188.505 256 34.484 101.255c-9.335-9.379-9.317-24.544.04-33.901l22.667-22.667c9.373-9.373 24.569-9.373 33.941 0L285.475 239.03c9.373 9.372 9.373 24.568.001 33.941z\"><\/path><\/svg>\t\t\t\t\t\t<\/span>\n\t\t\t\t\t\t\t\t\t\t<span class=\"elementor-icon-list-text\">The Party House<\/span>\n\t\t\t\t\t\t\t\t\t\t\t<\/a>\n\t\t\t\t\t\t\t\t\t<\/li>\n\t\t\t\t\t\t\t\t<li class=\"elementor-icon-list-item\">\n\t\t\t\t\t\t\t\t\t\t\t<a href=\"https:\/\/thebavariaresidence.com\/spa-and-wellness\/\">\n\n\t\t\t\t\t\t\t\t\t\t\t\t<span class=\"elementor-icon-list-icon\">\n\t\t\t\t\t\t\t<svg aria-hidden=\"true\" class=\"e-font-icon-svg e-fas-chevron-right\" viewBox=\"0 0 320 512\" xmlns=\"http:\/\/www.w3.org\/2000\/svg\"><path d=\"M285.476 272.971L91.132 467.314c-9.373 9.373-24.569 9.373-33.941 0l-22.667-22.667c-9.357-9.357-9.375-24.522-.04-33.901L188.505 256 34.484 101.255c-9.335-9.379-9.317-24.544.04-33.901l22.667-22.667c9.373-9.373 24.569-9.373 33.941 0L285.475 239.03c9.373 9.372 9.373 24.568.001 33.941z\"><\/path><\/svg>\t\t\t\t\t\t<\/span>\n\t\t\t\t\t\t\t\t\t\t<span class=\"elementor-icon-list-text\">Spa and Wellness<\/span>\n\t\t\t\t\t\t\t\t\t\t\t<\/a>\n\t\t\t\t\t\t\t\t\t<\/li>\n\t\t\t\t\t\t\t\t<li class=\"elementor-icon-list-item\">\n\t\t\t\t\t\t\t\t\t\t\t<a href=\"https:\/\/thebavariaresidence.com\/outdoor-areas\/\">\n\n\t\t\t\t\t\t\t\t\t\t\t\t<span class=\"elementor-icon-list-icon\">\n\t\t\t\t\t\t\t<svg aria-hidden=\"true\" class=\"e-font-icon-svg e-fas-chevron-right\" viewBox=\"0 0 320 512\" xmlns=\"http:\/\/www.w3.org\/2000\/svg\"><path d=\"M285.476 272.971L91.132 467.314c-9.373 9.373-24.569 9.373-33.941 0l-22.667-22.667c-9.357-9.357-9.375-24.522-.04-33.901L188.505 256 34.484 101.255c-9.335-9.379-9.317-24.544.04-33.901l22.667-22.667c9.373-9.373 24.569-9.373 33.941 0L285.475 239.03c9.373 9.372 9.373 24.568.001 33.941z\"><\/path><\/svg>\t\t\t\t\t\t<\/span>\n\t\t\t\t\t\t\t\t\t\t<span class=\"elementor-icon-list-text\">Outdoor Areas<\/span>\n\t\t\t\t\t\t\t\t\t\t\t<\/a>\n\t\t\t\t\t\t\t\t\t<\/li>\n\t\t\t\t\t\t<\/ul>\n\t\t\t\t\t\t<\/div>\n\t\t\t\t<\/div>\n\t\t\t\t\t<\/div>\n\t\t\t\t<\/div>\n\t\t\t\t<\/div>\n\t\t\t\t<\/div>\n\t\t\t\t\t\t<\/div>\n\t\t\t\t<\/div>\n\t\t\t\t<\/div>\n\t\t<div class=\"elementor-element elementor-element-85c81c6 e-con-full e-flex elementor-invisible e-con e-child\" data-id=\"85c81c6\" data-element_type=\"container\" data-e-type=\"container\" data-settings=\"{&quot;animation&quot;:&quot;fadeInUp&quot;,&quot;animation_delay&quot;:100}\">\n\t\t\t\t<div class=\"elementor-element elementor-element-ae30518 elementor-widget elementor-widget-inclub-elementor-template\" data-id=\"ae30518\" data-element_type=\"widget\" data-e-type=\"widget\" data-settings=\"{&quot;ekit_we_effect_on&quot;:&quot;none&quot;}\" data-widget_type=\"inclub-elementor-template.default\">\n\t\t\t\t<div class=\"elementor-widget-container\">\n\t\t\t\t\t\t\t<div class=\"elementor-template\">\n\t\t\t\t\t<div data-elementor-type=\"section\" data-elementor-id=\"7843\" class=\"elementor elementor-7843\">\n\t\t\t\t<div class=\"elementor-element elementor-element-6c19cb0 e-flex e-con-boxed e-con e-parent\" data-id=\"6c19cb0\" data-element_type=\"container\" data-e-type=\"container\">\n\t\t\t\t\t<div class=\"e-con-inner\">\n\t\t<div class=\"elementor-element elementor-element-bf8108e e-con-full e-flex e-con e-child\" data-id=\"bf8108e\" data-element_type=\"container\" data-e-type=\"container\" data-settings=\"{&quot;background_background&quot;:&quot;classic&quot;}\">\n\t\t\t\t<div class=\"elementor-element elementor-element-2cf821f at-image-animation at-animation-image-none elementor-widget elementor-widget-image\" data-id=\"2cf821f\" data-element_type=\"widget\" data-e-type=\"widget\" data-settings=\"{&quot;ekit_we_effect_on&quot;:&quot;none&quot;}\" data-widget_type=\"image.default\">\n\t\t\t\t\t\t\t\t\t\t\t\t\t\t\t<img fetchpriority=\"high\" decoding=\"async\" width=\"300\" height=\"202\" src=\"https:\/\/thebavariaresidence.com\/wp-content\/uploads\/2026\/01\/team1-300x202.png\" class=\"attachment-medium size-medium wp-image-12030\" alt=\"\" srcset=\"https:\/\/thebavariaresidence.com\/wp-content\/uploads\/2026\/01\/team1-300x202.png 300w, https:\/\/thebavariaresidence.com\/wp-content\/uploads\/2026\/01\/team1-1024x691.png 1024w, https:\/\/thebavariaresidence.com\/wp-content\/uploads\/2026\/01\/team1-768x518.png 768w, https:\/\/thebavariaresidence.com\/wp-content\/uploads\/2026\/01\/team1.png 1198w\" sizes=\"(max-width: 300px) 100vw, 300px\" \/>\t\t\t\t\t\t\t\t\t\t\t\t\t\t\t<\/div>\n\t\t\t\t<div class=\"elementor-element elementor-element-b6d1cd2 at-heading-animation at-animation-heading-none elementor-widget elementor-widget-heading\" data-id=\"b6d1cd2\" data-element_type=\"widget\" data-e-type=\"widget\" data-settings=\"{&quot;ekit_we_effect_on&quot;:&quot;none&quot;}\" data-widget_type=\"heading.default\">\n\t\t\t\t\t<div class=\"elementor-heading-title elementor-size-default\">STILL HAVE QUESTION?<\/div>\t\t\t\t<\/div>\n\t\t\t\t<div class=\"elementor-element elementor-element-8c9824e service-details-side-bar-items elementor-widget elementor-widget-text-editor\" data-id=\"8c9824e\" data-element_type=\"widget\" data-e-type=\"widget\" data-settings=\"{&quot;ekit_we_effect_on&quot;:&quot;none&quot;}\" data-widget_type=\"text-editor.default\">\n\t\t\t\t\t\t\t\t\tWe&#8217;re ready to help you to answer any questions please\u00a0<strong><a href=\"https:\/\/thebavariaresidence.com\/contact\/\"><u>contact us<\/a><\/u><\/strong>\t\t\t\t\t\t\t\t<\/div>\n\t\t\t\t<\/div>\n\t\t\t\t\t<\/div>\n\t\t\t\t<\/div>\n\t\t\t\t<\/div>\n\t\t\t\t<\/div>\n\t\t\t\t\t\t<\/div>\n\t\t\t\t<\/div>\n\t\t\t\t<\/div>\n\t\t\t\t<\/div>\n\t\t\t\t<\/div>\n\t\t<div class=\"elementor-element elementor-element-1985a37 e-con-full e-flex e-con e-child\" data-id=\"1985a37\" data-element_type=\"container\" data-e-type=\"container\">\n\t\t<div class=\"elementor-element elementor-element-d5ab250 e-con-full e-flex e-con e-child\" data-id=\"d5ab250\" data-element_type=\"container\" data-e-type=\"container\">\n\t\t\t\t<div class=\"elementor-element elementor-element-0619952 elementor-widget elementor-widget-button\" data-id=\"0619952\" data-element_type=\"widget\" data-e-type=\"widget\" data-settings=\"{&quot;ekit_we_effect_on&quot;:&quot;none&quot;}\" data-widget_type=\"button.default\">\n\t\t\t\t\t\t\t\t\t\t<a class=\"elementor-button elementor-button-link elementor-size-sm\" href=\"https:\/\/thebavariaresidence.com\/de\">\n\t\t\t\t\t\t<span class=\"elementor-button-content-wrapper\">\n\t\t\t\t\t\t<span class=\"elementor-button-icon\">\n\t\t\t\t<svg aria-hidden=\"true\" class=\"e-font-icon-svg e-fas-backward\" viewBox=\"0 0 512 512\" xmlns=\"http:\/\/www.w3.org\/2000\/svg\"><path d=\"M11.5 280.6l192 160c20.6 17.2 52.5 2.8 52.5-24.6V96c0-27.4-31.9-41.8-52.5-24.6l-192 160c-15.3 12.8-15.3 36.4 0 49.2zm256 0l192 160c20.6 17.2 52.5 2.8 52.5-24.6V96c0-27.4-31.9-41.8-52.5-24.6l-192 160c-15.3 12.8-15.3 36.4 0 49.2z\"><\/path><\/svg>\t\t\t<\/span>\n\t\t\t\t\t\t\t\t\t<span class=\"elementor-button-text\">ZUR\u00dcCK ZUR STARTSEITE<\/span>\n\t\t\t\t\t<\/span>\n\t\t\t\t\t<\/a>\n\t\t\t\t\t\t\t\t<\/div>\n\t\t\t\t<div class=\"elementor-element elementor-element-a1aacd6 amenities-featured-img image-anime at-image-animation at-animation-image-style-1 elementor-widget elementor-widget-image\" data-id=\"a1aacd6\" data-element_type=\"widget\" data-e-type=\"widget\" data-settings=\"{&quot;ekit_we_effect_on&quot;:&quot;none&quot;}\" data-widget_type=\"image.default\">\n\t\t\t\t\t\t\t\t\t\t\t\t\t\t\t<img decoding=\"async\" width=\"1920\" height=\"1440\" src=\"https:\/\/thebavariaresidence.com\/wp-content\/uploads\/2026\/02\/Party-Kitchen.jpg\" class=\"attachment-full size-full wp-image-12125\" alt=\"\" srcset=\"https:\/\/thebavariaresidence.com\/wp-content\/uploads\/2026\/02\/Party-Kitchen.jpg 1920w, https:\/\/thebavariaresidence.com\/wp-content\/uploads\/2026\/02\/Party-Kitchen-300x225.jpg 300w, https:\/\/thebavariaresidence.com\/wp-content\/uploads\/2026\/02\/Party-Kitchen-1024x768.jpg 1024w, https:\/\/thebavariaresidence.com\/wp-content\/uploads\/2026\/02\/Party-Kitchen-768x576.jpg 768w, https:\/\/thebavariaresidence.com\/wp-content\/uploads\/2026\/02\/Party-Kitchen-1536x1152.jpg 1536w\" sizes=\"(max-width: 1920px) 100vw, 1920px\" \/>\t\t\t\t\t\t\t\t\t\t\t\t\t\t\t<\/div>\n\t\t\t\t<\/div>\n\t\t<div class=\"elementor-element elementor-element-45931ab e-con-full e-flex e-con e-child\" data-id=\"45931ab\" data-element_type=\"container\" data-e-type=\"container\">\n\t\t\t\t<div class=\"elementor-element elementor-element-fa8008b elementor-invisible elementor-widget elementor-widget-text-editor\" data-id=\"fa8008b\" data-element_type=\"widget\" data-e-type=\"widget\" data-settings=\"{&quot;_animation&quot;:&quot;fadeInUp&quot;,&quot;ekit_we_effect_on&quot;:&quot;none&quot;}\" data-widget_type=\"text-editor.default\">\n\t\t\t\t\t\t\t\t\t<p><strong>Ein Raum, der keiner Erkl\u00e4rung bedarf.<\/strong><\/p><p>Gro\u00dfz\u00fcgige Fl\u00e4chen im Untergeschoss, die keiner Rechtfertigung bed\u00fcrfen. Drei separate Einheiten bieten Raum f\u00fcr alles, was \u00fcber das Gew\u00f6hnliche hinausgeht: Sammlungen, Projekte, Sport, kreative Entfaltung \u2013 oder einfach nur Raum zum Atmen. <\/p><p>Die Nutzung ist bewusst offen gehalten. Ein Billardtisch passt hier ebenso selbstverst\u00e4ndlich hinein wie eine Kinderzone, ein Atelier oder ein klimatisierter Lagerraum f\u00fcr wertvolle Sammlungen. Das kontrollierte Bel\u00fcftungssystem sorgt f\u00fcr konstante Temperatur- und Feuchtigkeitswerte \u2013 unerl\u00e4sslich f\u00fcr Kunst, Wein oder empfindliche technische Ger\u00e4te.  <\/p><p>Der erh\u00f6hte Sicherheitsstandard in den unteren Ebenen sch\u00fctzt diskret, was Schutz verdient. Verst\u00e4rkte Zugangspunkte, separate Schlie\u00dfsysteme und die Option zur Integration in das zentrale \u00dcberwachungssystem schaffen einen Raum, der so privat ist wie sein Inhalt. <\/p><p>Was hier Gestalt annimmt, liegt ganz bei Ihnen.<br>Der Raum stellt keine Fragen.<\/p>\t\t\t\t\t\t\t\t<\/div>\n\t\t\t\t<\/div>\n\t\t<div class=\"elementor-element elementor-element-4d93c82 e-con-full e-flex e-con e-child\" data-id=\"4d93c82\" data-element_type=\"container\" data-e-type=\"container\">\n\t\t\t\t<div class=\"elementor-element elementor-element-885b934 amenities-featured-img image-anime at-image-animation at-animation-image-style-1 elementor-widget elementor-widget-image\" data-id=\"885b934\" data-element_type=\"widget\" data-e-type=\"widget\" data-settings=\"{&quot;ekit_we_effect_on&quot;:&quot;none&quot;}\" data-widget_type=\"image.default\">\n\t\t\t\t\t\t\t\t\t\t\t\t\t\t\t<img decoding=\"async\" width=\"1920\" height=\"1440\" src=\"https:\/\/thebavariaresidence.com\/wp-content\/uploads\/2026\/02\/PartyKitchen-night-mood.jpg\" class=\"attachment-full size-full wp-image-12126\" alt=\"\" srcset=\"https:\/\/thebavariaresidence.com\/wp-content\/uploads\/2026\/02\/PartyKitchen-night-mood.jpg 1920w, https:\/\/thebavariaresidence.com\/wp-content\/uploads\/2026\/02\/PartyKitchen-night-mood-300x225.jpg 300w, https:\/\/thebavariaresidence.com\/wp-content\/uploads\/2026\/02\/PartyKitchen-night-mood-1024x768.jpg 1024w, https:\/\/thebavariaresidence.com\/wp-content\/uploads\/2026\/02\/PartyKitchen-night-mood-768x576.jpg 768w, https:\/\/thebavariaresidence.com\/wp-content\/uploads\/2026\/02\/PartyKitchen-night-mood-1536x1152.jpg 1536w\" sizes=\"(max-width: 1920px) 100vw, 1920px\" \/>\t\t\t\t\t\t\t\t\t\t\t\t\t\t\t<\/div>\n\t\t\t\t<div class=\"elementor-element elementor-element-c37876a at-heading-animation at-animation-heading-style-2 elementor-widget elementor-widget-heading\" data-id=\"c37876a\" data-element_type=\"widget\" data-e-type=\"widget\" data-settings=\"{&quot;ekit_we_effect_on&quot;:&quot;none&quot;}\" data-widget_type=\"heading.default\">\n\t\t\t\t\t<h2 class=\"elementor-heading-title elementor-size-default\">AUF EINEN BLICK<\/h2>\t\t\t\t<\/div>\n\t\t\t\t<div class=\"elementor-element elementor-element-c377e49 elementor-invisible elementor-widget elementor-widget-text-editor\" data-id=\"c377e49\" data-element_type=\"widget\" data-e-type=\"widget\" data-settings=\"{&quot;_animation&quot;:&quot;fadeInUp&quot;,&quot;_animation_delay&quot;:100,&quot;ekit_we_effect_on&quot;:&quot;none&quot;}\" data-widget_type=\"text-editor.default\">\n\t\t\t\t\t\t\t\t\t<ul><li><strong>Struktur<\/strong>: 3 separate Einheiten (plus Technikr\u00e4ume)<\/li><li><strong>Nutzung<\/strong>: Flexibel (Billard, Kinderzone, Sammlung, Sicherheitsraum)<\/li><li><strong>Klima<\/strong>: Kontrollierte Bel\u00fcftung f\u00fcr konstante Bedingungen<\/li><li><strong>Sicherheit<\/strong>: Erh\u00f6hter Standard mit verst\u00e4rkten Zugangspunkten<\/li><li><strong>Gr\u00f6\u00dfe<\/strong>: Gro\u00dfz\u00fcgige Dimensionen f\u00fcr anspruchsvolle Projekte<\/li><\/ul>\t\t\t\t\t\t\t\t<\/div>\n\t\t\t\t<div class=\"elementor-element elementor-element-17ea2f8 amenities-featured-img image-anime at-image-animation at-animation-image-style-1 elementor-widget elementor-widget-image\" data-id=\"17ea2f8\" data-element_type=\"widget\" data-e-type=\"widget\" data-settings=\"{&quot;ekit_we_effect_on&quot;:&quot;none&quot;}\" data-widget_type=\"image.default\">\n\t\t\t\t\t\t\t\t\t\t\t\t\t\t\t<img loading=\"lazy\" decoding=\"async\" width=\"1920\" height=\"1440\" src=\"https:\/\/thebavariaresidence.com\/wp-content\/uploads\/2026\/02\/Party-Kitchen1.jpg\" class=\"attachment-full size-full wp-image-12127\" alt=\"\" srcset=\"https:\/\/thebavariaresidence.com\/wp-content\/uploads\/2026\/02\/Party-Kitchen1.jpg 1920w, https:\/\/thebavariaresidence.com\/wp-content\/uploads\/2026\/02\/Party-Kitchen1-300x225.jpg 300w, https:\/\/thebavariaresidence.com\/wp-content\/uploads\/2026\/02\/Party-Kitchen1-1024x768.jpg 1024w, https:\/\/thebavariaresidence.com\/wp-content\/uploads\/2026\/02\/Party-Kitchen1-768x576.jpg 768w, https:\/\/thebavariaresidence.com\/wp-content\/uploads\/2026\/02\/Party-Kitchen1-1536x1152.jpg 1536w\" sizes=\"(max-width: 1920px) 100vw, 1920px\" \/>\t\t\t\t\t\t\t\t\t\t\t\t\t\t\t<\/div>\n\t\t\t\t<\/div>\n\t\t<div class=\"elementor-element elementor-element-5d511eb e-con-full e-flex e-con e-child\" data-id=\"5d511eb\" data-element_type=\"container\" data-e-type=\"container\">\n\t\t\t\t<div class=\"elementor-element elementor-element-1441fd0 at-heading-animation at-animation-heading-style-2 elementor-widget elementor-widget-heading\" data-id=\"1441fd0\" data-element_type=\"widget\" data-e-type=\"widget\" data-settings=\"{&quot;ekit_we_effect_on&quot;:&quot;none&quot;}\" data-widget_type=\"heading.default\">\n\t\t\t\t\t<h2 class=\"elementor-heading-title elementor-size-default\">ANSPRECHPUNKTE<\/h2>\t\t\t\t<\/div>\n\t\t\t\t<div class=\"elementor-element elementor-element-aa97570 elementor-invisible elementor-widget elementor-widget-text-editor\" data-id=\"aa97570\" data-element_type=\"widget\" data-e-type=\"widget\" data-settings=\"{&quot;_animation&quot;:&quot;fadeInUp&quot;,&quot;_animation_delay&quot;:100,&quot;ekit_we_effect_on&quot;:&quot;none&quot;}\" data-widget_type=\"text-editor.default\">\n\t\t\t\t\t\t\t\t\t<ul><li><strong>Werterhaltung:<\/strong> Kontrolliertes Klima f\u00fcr wertvolle Sammlungen, Kunst und Technologie.<\/li><li><strong>Hochsicherheitstresor:<\/strong> Verst\u00e4rkter Zugang und autonome Schlie\u00dfsysteme f\u00fcr diskreten Schutz.<\/li><li><strong>Variabler Umfang:<\/strong> Drei gro\u00dfz\u00fcgige Einheiten, konzipiert f\u00fcr ein Leben jenseits des Allt\u00e4glichen.<\/li><\/ul>\t\t\t\t\t\t\t\t<\/div>\n\t\t\t\t<\/div>\n\t\t\t\t<div class=\"elementor-element elementor-element-25c5ce6 elementor-widget elementor-widget-button\" data-id=\"25c5ce6\" data-element_type=\"widget\" data-e-type=\"widget\" data-settings=\"{&quot;ekit_we_effect_on&quot;:&quot;none&quot;}\" data-widget_type=\"button.default\">\n\t\t\t\t\t\t\t\t\t\t<a class=\"elementor-button elementor-button-link elementor-size-sm\" href=\"https:\/\/thebavariaresidence.com\/de\/kontakt\/\">\n\t\t\t\t\t\t<span class=\"elementor-button-content-wrapper\">\n\t\t\t\t\t\t<span class=\"elementor-button-icon\">\n\t\t\t\t<i aria-hidden=\"true\" class=\"icon icon-contact\"><\/i>\t\t\t<\/span>\n\t\t\t\t\t\t\t\t\t<span class=\"elementor-button-text\">KONTAKT AUFNEHMEN<\/span>\n\t\t\t\t\t<\/span>\n\t\t\t\t\t<\/a>\n\t\t\t\t\t\t\t\t<\/div>\n\t\t\t\t<\/div>\n\t\t\t\t\t<\/div>\n\t\t\t\t<\/div>\n\t\t\t\t<\/div>\n\t\t","protected":false},"excerpt":{"rendered":"<p>PARTYHAUS WHAT WE PROVIDE The Main Residence The Boat House The Guest [&hellip;]<\/p>\n","protected":false},"author":1,"featured_media":0,"parent":0,"menu_order":0,"comment_status":"closed","ping_status":"closed","template":"elementor_header_footer","meta":{"footnotes":""},"class_list":["post-12128","page","type-page","status-publish","hentry"],"_links":{"self":[{"href":"https:\/\/thebavariaresidence.com\/de\/wp-json\/wp\/v2\/pages\/12128","targetHints":{"allow":["GET"]}}],"collection":[{"href":"https:\/\/thebavariaresidence.com\/de\/wp-json\/wp\/v2\/pages"}],"about":[{"href":"https:\/\/thebavariaresidence.com\/de\/wp-json\/wp\/v2\/types\/page"}],"author":[{"embeddable":true,"href":"https:\/\/thebavariaresidence.com\/de\/wp-json\/wp\/v2\/users\/1"}],"replies":[{"embeddable":true,"href":"https:\/\/thebavariaresidence.com\/de\/wp-json\/wp\/v2\/comments?post=12128"}],"version-history":[{"count":1,"href":"https:\/\/thebavariaresidence.com\/de\/wp-json\/wp\/v2\/pages\/12128\/revisions"}],"predecessor-version":[{"id":12130,"href":"https:\/\/thebavariaresidence.com\/de\/wp-json\/wp\/v2\/pages\/12128\/revisions\/12130"}],"wp:attachment":[{"href":"https:\/\/thebavariaresidence.com\/de\/wp-json\/wp\/v2\/media?parent=12128"}],"curies":[{"name":"wp","href":"https:\/\/api.w.org\/{rel}","templated":true}]}}