{"id":12157,"date":"2026-01-29T14:14:35","date_gmt":"2026-01-29T13:14:35","guid":{"rendered":"https:\/\/thebavariaresidence.com\/personalhaus\/"},"modified":"2026-03-03T11:43:46","modified_gmt":"2026-03-03T10:43:46","slug":"personalhaus","status":"publish","type":"page","link":"https:\/\/thebavariaresidence.com\/de\/personalhaus\/","title":{"rendered":"Personalhaus"},"content":{"rendered":"\t\t<div data-elementor-type=\"wp-page\" data-elementor-id=\"12157\" class=\"elementor elementor-12157 elementor-10917\">\n\t\t\t\t<div data-ekitparallax=\"{&quot;ekit_section_parallax_bg&quot;:&quot;yes&quot;,&quot;ekit_section_parallax_bg_speed&quot;:0.5,&quot;elementor_lazy_load&quot;:&quot;1&quot;}\" class=\"elementor-element elementor-element-35e6a8d e-flex e-con-boxed e-con e-parent\" data-id=\"35e6a8d\" data-element_type=\"container\" data-e-type=\"container\" data-settings=\"{&quot;background_background&quot;:&quot;classic&quot;}\">\n\t\t\t\t\t<div class=\"e-con-inner\">\n\t\t<div class=\"elementor-element elementor-element-688d47b e-con-full e-flex e-con e-child\" data-id=\"688d47b\" data-element_type=\"container\" data-e-type=\"container\">\n\t\t\t\t<div class=\"elementor-element elementor-element-5df5680 at-heading-animation at-animation-heading-style-2 elementor-widget elementor-widget-heading\" data-id=\"5df5680\" data-element_type=\"widget\" data-e-type=\"widget\" data-settings=\"{&quot;ekit_we_effect_on&quot;:&quot;none&quot;}\" data-widget_type=\"heading.default\">\n\t\t\t\t\t<h1 class=\"elementor-heading-title elementor-size-default\">PERSONALHAUS<\/h1>\t\t\t\t<\/div>\n\t\t\t\t<\/div>\n\t\t\t\t\t<\/div>\n\t\t\t\t<\/div>\n\t\t<div class=\"elementor-element elementor-element-694a6bf e-flex e-con-boxed e-con e-parent\" data-id=\"694a6bf\" data-element_type=\"container\" data-e-type=\"container\">\n\t\t\t\t\t<div class=\"e-con-inner\">\n\t\t<div class=\"elementor-element elementor-element-c8fb99c e-con-full e-flex e-con e-child\" data-id=\"c8fb99c\" data-element_type=\"container\" data-e-type=\"container\">\n\t\t<div class=\"elementor-element elementor-element-ad811dc e-con-full sticky-column e-flex e-con e-child\" data-id=\"ad811dc\" data-element_type=\"container\" data-e-type=\"container\">\n\t\t<div class=\"elementor-element elementor-element-0693ea4 e-con-full e-flex elementor-invisible e-con e-child\" data-id=\"0693ea4\" data-element_type=\"container\" data-e-type=\"container\" data-settings=\"{&quot;animation&quot;:&quot;fadeInUp&quot;}\">\n\t\t\t\t<div class=\"elementor-element elementor-element-1b1ff24 elementor-widget elementor-widget-inclub-elementor-template\" data-id=\"1b1ff24\" data-element_type=\"widget\" data-e-type=\"widget\" data-settings=\"{&quot;ekit_we_effect_on&quot;:&quot;none&quot;}\" data-widget_type=\"inclub-elementor-template.default\">\n\t\t\t\t<div class=\"elementor-widget-container\">\n\t\t\t\t\t\t\t<div class=\"elementor-template\">\n\t\t\t\t\t<div data-elementor-type=\"section\" data-elementor-id=\"8108\" class=\"elementor elementor-8108\">\n\t\t\t\t<div class=\"elementor-element elementor-element-3553b82 e-flex e-con-boxed e-con e-parent\" data-id=\"3553b82\" data-element_type=\"container\" data-e-type=\"container\" data-settings=\"{&quot;background_background&quot;:&quot;classic&quot;}\">\n\t\t\t\t\t<div class=\"e-con-inner\">\n\t\t<div class=\"elementor-element elementor-element-ee8fb3f e-con-full e-flex e-con e-child\" data-id=\"ee8fb3f\" data-element_type=\"container\" data-e-type=\"container\">\n\t\t\t\t<div class=\"elementor-element elementor-element-00b2459 at-heading-animation at-animation-heading-none elementor-widget elementor-widget-heading\" data-id=\"00b2459\" data-element_type=\"widget\" data-e-type=\"widget\" data-settings=\"{&quot;ekit_we_effect_on&quot;:&quot;none&quot;}\" data-widget_type=\"heading.default\">\n\t\t\t\t\t<h2 class=\"elementor-heading-title elementor-size-default\">WHAT WE PROVIDE<\/h2>\t\t\t\t<\/div>\n\t\t\t\t<div class=\"elementor-element elementor-element-99bfc4e amenities-catagery-list elementor-icon-list--layout-traditional elementor-list-item-link-full_width elementor-widget elementor-widget-icon-list\" data-id=\"99bfc4e\" data-element_type=\"widget\" data-e-type=\"widget\" data-settings=\"{&quot;ekit_we_effect_on&quot;:&quot;none&quot;}\" data-widget_type=\"icon-list.default\">\n\t\t\t\t\t\t\t<ul class=\"elementor-icon-list-items\">\n\t\t\t\t\t\t\t<li class=\"elementor-icon-list-item\">\n\t\t\t\t\t\t\t\t\t\t\t<a href=\"https:\/\/thebavariaresidence.com\/the-main-residence\/\">\n\n\t\t\t\t\t\t\t\t\t\t\t\t<span class=\"elementor-icon-list-icon\">\n\t\t\t\t\t\t\t<svg aria-hidden=\"true\" class=\"e-font-icon-svg e-fas-chevron-right\" viewBox=\"0 0 320 512\" xmlns=\"http:\/\/www.w3.org\/2000\/svg\"><path d=\"M285.476 272.971L91.132 467.314c-9.373 9.373-24.569 9.373-33.941 0l-22.667-22.667c-9.357-9.357-9.375-24.522-.04-33.901L188.505 256 34.484 101.255c-9.335-9.379-9.317-24.544.04-33.901l22.667-22.667c9.373-9.373 24.569-9.373 33.941 0L285.475 239.03c9.373 9.372 9.373 24.568.001 33.941z\"><\/path><\/svg>\t\t\t\t\t\t<\/span>\n\t\t\t\t\t\t\t\t\t\t<span class=\"elementor-icon-list-text\">The Main Residence<\/span>\n\t\t\t\t\t\t\t\t\t\t\t<\/a>\n\t\t\t\t\t\t\t\t\t<\/li>\n\t\t\t\t\t\t\t\t<li class=\"elementor-icon-list-item\">\n\t\t\t\t\t\t\t\t\t\t\t<a href=\"https:\/\/thebavariaresidence.com\/boat-house\/\">\n\n\t\t\t\t\t\t\t\t\t\t\t\t<span class=\"elementor-icon-list-icon\">\n\t\t\t\t\t\t\t<svg aria-hidden=\"true\" class=\"e-font-icon-svg e-fas-chevron-right\" viewBox=\"0 0 320 512\" xmlns=\"http:\/\/www.w3.org\/2000\/svg\"><path d=\"M285.476 272.971L91.132 467.314c-9.373 9.373-24.569 9.373-33.941 0l-22.667-22.667c-9.357-9.357-9.375-24.522-.04-33.901L188.505 256 34.484 101.255c-9.335-9.379-9.317-24.544.04-33.901l22.667-22.667c9.373-9.373 24.569-9.373 33.941 0L285.475 239.03c9.373 9.372 9.373 24.568.001 33.941z\"><\/path><\/svg>\t\t\t\t\t\t<\/span>\n\t\t\t\t\t\t\t\t\t\t<span class=\"elementor-icon-list-text\">The Boat House<\/span>\n\t\t\t\t\t\t\t\t\t\t\t<\/a>\n\t\t\t\t\t\t\t\t\t<\/li>\n\t\t\t\t\t\t\t\t<li class=\"elementor-icon-list-item\">\n\t\t\t\t\t\t\t\t\t\t\t<a href=\"https:\/\/thebavariaresidence.com\/the-guest-residence\/\">\n\n\t\t\t\t\t\t\t\t\t\t\t\t<span class=\"elementor-icon-list-icon\">\n\t\t\t\t\t\t\t<svg aria-hidden=\"true\" class=\"e-font-icon-svg e-fas-chevron-right\" viewBox=\"0 0 320 512\" xmlns=\"http:\/\/www.w3.org\/2000\/svg\"><path d=\"M285.476 272.971L91.132 467.314c-9.373 9.373-24.569 9.373-33.941 0l-22.667-22.667c-9.357-9.357-9.375-24.522-.04-33.901L188.505 256 34.484 101.255c-9.335-9.379-9.317-24.544.04-33.901l22.667-22.667c9.373-9.373 24.569-9.373 33.941 0L285.475 239.03c9.373 9.372 9.373 24.568.001 33.941z\"><\/path><\/svg>\t\t\t\t\t\t<\/span>\n\t\t\t\t\t\t\t\t\t\t<span class=\"elementor-icon-list-text\">The Guest House<\/span>\n\t\t\t\t\t\t\t\t\t\t\t<\/a>\n\t\t\t\t\t\t\t\t\t<\/li>\n\t\t\t\t\t\t\t\t<li class=\"elementor-icon-list-item\">\n\t\t\t\t\t\t\t\t\t\t\t<a href=\"https:\/\/thebavariaresidence.com\/staff-house\/\">\n\n\t\t\t\t\t\t\t\t\t\t\t\t<span class=\"elementor-icon-list-icon\">\n\t\t\t\t\t\t\t<svg aria-hidden=\"true\" class=\"e-font-icon-svg e-fas-chevron-right\" viewBox=\"0 0 320 512\" xmlns=\"http:\/\/www.w3.org\/2000\/svg\"><path d=\"M285.476 272.971L91.132 467.314c-9.373 9.373-24.569 9.373-33.941 0l-22.667-22.667c-9.357-9.357-9.375-24.522-.04-33.901L188.505 256 34.484 101.255c-9.335-9.379-9.317-24.544.04-33.901l22.667-22.667c9.373-9.373 24.569-9.373 33.941 0L285.475 239.03c9.373 9.372 9.373 24.568.001 33.941z\"><\/path><\/svg>\t\t\t\t\t\t<\/span>\n\t\t\t\t\t\t\t\t\t\t<span class=\"elementor-icon-list-text\">The Staff House<\/span>\n\t\t\t\t\t\t\t\t\t\t\t<\/a>\n\t\t\t\t\t\t\t\t\t<\/li>\n\t\t\t\t\t\t\t\t<li class=\"elementor-icon-list-item\">\n\t\t\t\t\t\t\t\t\t\t\t<a href=\"https:\/\/thebavariaresidence.com\/party-house\/\">\n\n\t\t\t\t\t\t\t\t\t\t\t\t<span class=\"elementor-icon-list-icon\">\n\t\t\t\t\t\t\t<svg aria-hidden=\"true\" class=\"e-font-icon-svg e-fas-chevron-right\" viewBox=\"0 0 320 512\" xmlns=\"http:\/\/www.w3.org\/2000\/svg\"><path d=\"M285.476 272.971L91.132 467.314c-9.373 9.373-24.569 9.373-33.941 0l-22.667-22.667c-9.357-9.357-9.375-24.522-.04-33.901L188.505 256 34.484 101.255c-9.335-9.379-9.317-24.544.04-33.901l22.667-22.667c9.373-9.373 24.569-9.373 33.941 0L285.475 239.03c9.373 9.372 9.373 24.568.001 33.941z\"><\/path><\/svg>\t\t\t\t\t\t<\/span>\n\t\t\t\t\t\t\t\t\t\t<span class=\"elementor-icon-list-text\">The Party House<\/span>\n\t\t\t\t\t\t\t\t\t\t\t<\/a>\n\t\t\t\t\t\t\t\t\t<\/li>\n\t\t\t\t\t\t\t\t<li class=\"elementor-icon-list-item\">\n\t\t\t\t\t\t\t\t\t\t\t<a href=\"https:\/\/thebavariaresidence.com\/spa-and-wellness\/\">\n\n\t\t\t\t\t\t\t\t\t\t\t\t<span class=\"elementor-icon-list-icon\">\n\t\t\t\t\t\t\t<svg aria-hidden=\"true\" class=\"e-font-icon-svg e-fas-chevron-right\" viewBox=\"0 0 320 512\" xmlns=\"http:\/\/www.w3.org\/2000\/svg\"><path d=\"M285.476 272.971L91.132 467.314c-9.373 9.373-24.569 9.373-33.941 0l-22.667-22.667c-9.357-9.357-9.375-24.522-.04-33.901L188.505 256 34.484 101.255c-9.335-9.379-9.317-24.544.04-33.901l22.667-22.667c9.373-9.373 24.569-9.373 33.941 0L285.475 239.03c9.373 9.372 9.373 24.568.001 33.941z\"><\/path><\/svg>\t\t\t\t\t\t<\/span>\n\t\t\t\t\t\t\t\t\t\t<span class=\"elementor-icon-list-text\">Spa and Wellness<\/span>\n\t\t\t\t\t\t\t\t\t\t\t<\/a>\n\t\t\t\t\t\t\t\t\t<\/li>\n\t\t\t\t\t\t\t\t<li class=\"elementor-icon-list-item\">\n\t\t\t\t\t\t\t\t\t\t\t<a href=\"https:\/\/thebavariaresidence.com\/outdoor-areas\/\">\n\n\t\t\t\t\t\t\t\t\t\t\t\t<span class=\"elementor-icon-list-icon\">\n\t\t\t\t\t\t\t<svg aria-hidden=\"true\" class=\"e-font-icon-svg e-fas-chevron-right\" viewBox=\"0 0 320 512\" xmlns=\"http:\/\/www.w3.org\/2000\/svg\"><path d=\"M285.476 272.971L91.132 467.314c-9.373 9.373-24.569 9.373-33.941 0l-22.667-22.667c-9.357-9.357-9.375-24.522-.04-33.901L188.505 256 34.484 101.255c-9.335-9.379-9.317-24.544.04-33.901l22.667-22.667c9.373-9.373 24.569-9.373 33.941 0L285.475 239.03c9.373 9.372 9.373 24.568.001 33.941z\"><\/path><\/svg>\t\t\t\t\t\t<\/span>\n\t\t\t\t\t\t\t\t\t\t<span class=\"elementor-icon-list-text\">Outdoor Areas<\/span>\n\t\t\t\t\t\t\t\t\t\t\t<\/a>\n\t\t\t\t\t\t\t\t\t<\/li>\n\t\t\t\t\t\t<\/ul>\n\t\t\t\t\t\t<\/div>\n\t\t\t\t<\/div>\n\t\t\t\t\t<\/div>\n\t\t\t\t<\/div>\n\t\t\t\t<\/div>\n\t\t\t\t<\/div>\n\t\t\t\t\t\t<\/div>\n\t\t\t\t<\/div>\n\t\t\t\t<\/div>\n\t\t<div class=\"elementor-element elementor-element-85c81c6 e-con-full e-flex elementor-invisible e-con e-child\" data-id=\"85c81c6\" data-element_type=\"container\" data-e-type=\"container\" data-settings=\"{&quot;animation&quot;:&quot;fadeInUp&quot;,&quot;animation_delay&quot;:100}\">\n\t\t\t\t<div class=\"elementor-element elementor-element-ae30518 elementor-widget elementor-widget-inclub-elementor-template\" data-id=\"ae30518\" data-element_type=\"widget\" data-e-type=\"widget\" data-settings=\"{&quot;ekit_we_effect_on&quot;:&quot;none&quot;}\" data-widget_type=\"inclub-elementor-template.default\">\n\t\t\t\t<div class=\"elementor-widget-container\">\n\t\t\t\t\t\t\t<div class=\"elementor-template\">\n\t\t\t\t\t<div data-elementor-type=\"section\" data-elementor-id=\"7843\" class=\"elementor elementor-7843\">\n\t\t\t\t<div class=\"elementor-element elementor-element-6c19cb0 e-flex e-con-boxed e-con e-parent\" data-id=\"6c19cb0\" data-element_type=\"container\" data-e-type=\"container\">\n\t\t\t\t\t<div class=\"e-con-inner\">\n\t\t<div class=\"elementor-element elementor-element-bf8108e e-con-full e-flex e-con e-child\" data-id=\"bf8108e\" data-element_type=\"container\" data-e-type=\"container\" data-settings=\"{&quot;background_background&quot;:&quot;classic&quot;}\">\n\t\t\t\t<div class=\"elementor-element elementor-element-2cf821f at-image-animation at-animation-image-none elementor-widget elementor-widget-image\" data-id=\"2cf821f\" data-element_type=\"widget\" data-e-type=\"widget\" data-settings=\"{&quot;ekit_we_effect_on&quot;:&quot;none&quot;}\" data-widget_type=\"image.default\">\n\t\t\t\t\t\t\t\t\t\t\t\t\t\t\t<img fetchpriority=\"high\" decoding=\"async\" width=\"300\" height=\"202\" src=\"https:\/\/thebavariaresidence.com\/wp-content\/uploads\/2026\/01\/team1-300x202.png\" class=\"attachment-medium size-medium wp-image-12030\" alt=\"\" srcset=\"https:\/\/thebavariaresidence.com\/wp-content\/uploads\/2026\/01\/team1-300x202.png 300w, https:\/\/thebavariaresidence.com\/wp-content\/uploads\/2026\/01\/team1-1024x691.png 1024w, https:\/\/thebavariaresidence.com\/wp-content\/uploads\/2026\/01\/team1-768x518.png 768w, https:\/\/thebavariaresidence.com\/wp-content\/uploads\/2026\/01\/team1.png 1198w\" sizes=\"(max-width: 300px) 100vw, 300px\" \/>\t\t\t\t\t\t\t\t\t\t\t\t\t\t\t<\/div>\n\t\t\t\t<div class=\"elementor-element elementor-element-b6d1cd2 at-heading-animation at-animation-heading-none elementor-widget elementor-widget-heading\" data-id=\"b6d1cd2\" data-element_type=\"widget\" data-e-type=\"widget\" data-settings=\"{&quot;ekit_we_effect_on&quot;:&quot;none&quot;}\" data-widget_type=\"heading.default\">\n\t\t\t\t\t<div class=\"elementor-heading-title elementor-size-default\">STILL HAVE QUESTION?<\/div>\t\t\t\t<\/div>\n\t\t\t\t<div class=\"elementor-element elementor-element-8c9824e service-details-side-bar-items elementor-widget elementor-widget-text-editor\" data-id=\"8c9824e\" data-element_type=\"widget\" data-e-type=\"widget\" data-settings=\"{&quot;ekit_we_effect_on&quot;:&quot;none&quot;}\" data-widget_type=\"text-editor.default\">\n\t\t\t\t\t\t\t\t\tWe&#8217;re ready to help you to answer any questions please\u00a0<strong><a href=\"https:\/\/thebavariaresidence.com\/contact\/\"><u>contact us<\/a><\/u><\/strong>\t\t\t\t\t\t\t\t<\/div>\n\t\t\t\t<\/div>\n\t\t\t\t\t<\/div>\n\t\t\t\t<\/div>\n\t\t\t\t<\/div>\n\t\t\t\t<\/div>\n\t\t\t\t\t\t<\/div>\n\t\t\t\t<\/div>\n\t\t\t\t<\/div>\n\t\t\t\t<\/div>\n\t\t\t\t<\/div>\n\t\t<div class=\"elementor-element elementor-element-1985a37 e-con-full e-flex e-con e-child\" data-id=\"1985a37\" data-element_type=\"container\" data-e-type=\"container\">\n\t\t<div class=\"elementor-element elementor-element-d5ab250 e-con-full e-flex e-con e-child\" data-id=\"d5ab250\" data-element_type=\"container\" data-e-type=\"container\">\n\t\t\t\t<div class=\"elementor-element elementor-element-1c51532 elementor-widget elementor-widget-button\" data-id=\"1c51532\" data-element_type=\"widget\" data-e-type=\"widget\" data-settings=\"{&quot;ekit_we_effect_on&quot;:&quot;none&quot;}\" data-widget_type=\"button.default\">\n\t\t\t\t\t\t\t\t\t\t<a class=\"elementor-button elementor-button-link elementor-size-sm\" href=\"https:\/\/thebavariaresidence.com\/de\">\n\t\t\t\t\t\t<span class=\"elementor-button-content-wrapper\">\n\t\t\t\t\t\t<span class=\"elementor-button-icon\">\n\t\t\t\t<svg aria-hidden=\"true\" class=\"e-font-icon-svg e-fas-backward\" viewBox=\"0 0 512 512\" xmlns=\"http:\/\/www.w3.org\/2000\/svg\"><path d=\"M11.5 280.6l192 160c20.6 17.2 52.5 2.8 52.5-24.6V96c0-27.4-31.9-41.8-52.5-24.6l-192 160c-15.3 12.8-15.3 36.4 0 49.2zm256 0l192 160c20.6 17.2 52.5 2.8 52.5-24.6V96c0-27.4-31.9-41.8-52.5-24.6l-192 160c-15.3 12.8-15.3 36.4 0 49.2z\"><\/path><\/svg>\t\t\t<\/span>\n\t\t\t\t\t\t\t\t\t<span class=\"elementor-button-text\">ZUR\u00dcCK ZUR STARTSEITE<\/span>\n\t\t\t\t\t<\/span>\n\t\t\t\t\t<\/a>\n\t\t\t\t\t\t\t\t<\/div>\n\t\t\t\t<div class=\"elementor-element elementor-element-a1aacd6 amenities-featured-img image-anime at-image-animation at-animation-image-style-1 elementor-widget elementor-widget-image\" data-id=\"a1aacd6\" data-element_type=\"widget\" data-e-type=\"widget\" data-settings=\"{&quot;ekit_we_effect_on&quot;:&quot;none&quot;}\" data-widget_type=\"image.default\">\n\t\t\t\t\t\t\t\t\t\t\t\t\t\t\t<img decoding=\"async\" width=\"1920\" height=\"1440\" src=\"https:\/\/thebavariaresidence.com\/wp-content\/uploads\/2026\/02\/guest-house_main-residence_staffhouse-.jpg\" class=\"attachment-full size-full wp-image-12155\" alt=\"\" srcset=\"https:\/\/thebavariaresidence.com\/wp-content\/uploads\/2026\/02\/guest-house_main-residence_staffhouse-.jpg 1920w, https:\/\/thebavariaresidence.com\/wp-content\/uploads\/2026\/02\/guest-house_main-residence_staffhouse--300x225.jpg 300w, https:\/\/thebavariaresidence.com\/wp-content\/uploads\/2026\/02\/guest-house_main-residence_staffhouse--1024x768.jpg 1024w, https:\/\/thebavariaresidence.com\/wp-content\/uploads\/2026\/02\/guest-house_main-residence_staffhouse--768x576.jpg 768w, https:\/\/thebavariaresidence.com\/wp-content\/uploads\/2026\/02\/guest-house_main-residence_staffhouse--1536x1152.jpg 1536w\" sizes=\"(max-width: 1920px) 100vw, 1920px\" \/>\t\t\t\t\t\t\t\t\t\t\t\t\t\t\t<\/div>\n\t\t\t\t<\/div>\n\t\t<div class=\"elementor-element elementor-element-45931ab e-con-full e-flex e-con e-child\" data-id=\"45931ab\" data-element_type=\"container\" data-e-type=\"container\">\n\t\t\t\t<div class=\"elementor-element elementor-element-fa8008b elementor-invisible elementor-widget elementor-widget-text-editor\" data-id=\"fa8008b\" data-element_type=\"widget\" data-e-type=\"widget\" data-settings=\"{&quot;_animation&quot;:&quot;fadeInUp&quot;,&quot;ekit_we_effect_on&quot;:&quot;none&quot;}\" data-widget_type=\"text-editor.default\">\n\t\t\t\t\t\t\t\t\t<p><strong>Service, der im Hintergrund bleibt.<\/strong><\/p><p>Eine separate Einheit f\u00fcr Personal, Sicherheitsdienst oder Hausmeister \u2013 sie stellt sicher, dass Privatr\u00e4ume privat bleiben und die t\u00e4glichen Abl\u00e4ufe reibungslos funktionieren. Das 160 m\u00b2 gro\u00dfe Personalhaus bietet eine vollst\u00e4ndig autarke Wohneinheit mit K\u00fcche, zwei Schlafzimmern und einem Badezimmer. Unabh\u00e4ngig genug f\u00fcr langfristiges Personal und doch nah genug f\u00fcr effiziente Arbeitsabl\u00e4ufe.  <\/p><p>Die r\u00e4umliche Trennung ist bewusst gew\u00e4hlt. Der Service findet statt, ohne das Familienleben zu st\u00f6ren. Lieferanten nutzen eigene Zug\u00e4nge. Eine professionelle Hundewaschstation und Lagerr\u00e4ume erg\u00e4nzen die funktionale Infrastruktur. Alles, was hinter den Kulissen geschehen muss, hat hier seinen festen Platz.    <\/p><p>Die Automobillogistik ist gro\u00dfz\u00fcgig dimensioniert: Zwei Doppelgaragen (ca. 70 m\u00b2) bieten Platz f\u00fcr den t\u00e4glichen Fuhrpark, erg\u00e4nzt durch 4\u20138 Au\u00dfenstellpl\u00e4tze und einen eigenen Bereich f\u00fcr ein Wohnmobil, ein Boot oder einen LKW. Keine Kompromisse bei der Unterbringung. Keine Improvisation f\u00fcr G\u00e4ste.  <\/p><p><b>Erstklassiger Service erfordert eine erstklassige Infrastruktur. Diese ist hier in vollem Umfang gegeben. <\/b><\/p>\t\t\t\t\t\t\t\t<\/div>\n\t\t\t\t<div class=\"elementor-element elementor-element-cd95a49 amenities-featured-img image-anime at-image-animation at-animation-image-style-1 elementor-widget elementor-widget-image\" data-id=\"cd95a49\" data-element_type=\"widget\" data-e-type=\"widget\" data-settings=\"{&quot;ekit_we_effect_on&quot;:&quot;none&quot;}\" data-widget_type=\"image.default\">\n\t\t\t\t\t\t\t\t\t\t\t\t\t\t\t<img decoding=\"async\" width=\"1920\" height=\"1168\" src=\"https:\/\/thebavariaresidence.com\/wp-content\/uploads\/2026\/02\/staff-house-garages-.jpg\" class=\"attachment-full size-full wp-image-12156\" alt=\"\" srcset=\"https:\/\/thebavariaresidence.com\/wp-content\/uploads\/2026\/02\/staff-house-garages-.jpg 1920w, https:\/\/thebavariaresidence.com\/wp-content\/uploads\/2026\/02\/staff-house-garages--300x183.jpg 300w, https:\/\/thebavariaresidence.com\/wp-content\/uploads\/2026\/02\/staff-house-garages--1024x623.jpg 1024w, https:\/\/thebavariaresidence.com\/wp-content\/uploads\/2026\/02\/staff-house-garages--768x467.jpg 768w, https:\/\/thebavariaresidence.com\/wp-content\/uploads\/2026\/02\/staff-house-garages--1536x934.jpg 1536w\" sizes=\"(max-width: 1920px) 100vw, 1920px\" \/>\t\t\t\t\t\t\t\t\t\t\t\t\t\t\t<\/div>\n\t\t\t\t<\/div>\n\t\t<div class=\"elementor-element elementor-element-4d93c82 e-con-full e-flex e-con e-child\" data-id=\"4d93c82\" data-element_type=\"container\" data-e-type=\"container\">\n\t\t\t\t<div class=\"elementor-element elementor-element-c37876a at-heading-animation at-animation-heading-style-2 elementor-widget elementor-widget-heading\" data-id=\"c37876a\" data-element_type=\"widget\" data-e-type=\"widget\" data-settings=\"{&quot;ekit_we_effect_on&quot;:&quot;none&quot;}\" data-widget_type=\"heading.default\">\n\t\t\t\t\t<h2 class=\"elementor-heading-title elementor-size-default\">AUF EINEN BLICK<\/h2>\t\t\t\t<\/div>\n\t\t\t\t<div class=\"elementor-element elementor-element-c377e49 elementor-invisible elementor-widget elementor-widget-text-editor\" data-id=\"c377e49\" data-element_type=\"widget\" data-e-type=\"widget\" data-settings=\"{&quot;_animation&quot;:&quot;fadeInUp&quot;,&quot;_animation_delay&quot;:100,&quot;ekit_we_effect_on&quot;:&quot;none&quot;}\" data-widget_type=\"text-editor.default\">\n\t\t\t\t\t\t\t\t\t<ul><li><strong data-start=\"0\" data-end=\"9\" data-is-only-node=\"\">Gr\u00f6\u00dfe:<\/strong> Ca. 380 m\u00b2 auf 4 Ebenen <\/li><li><strong data-start=\"43\" data-end=\"68\">Baujahr:<\/strong> 2020 (Neubaustandard)<\/li><li><strong data-start=\"97\" data-end=\"107\">Zimmer:<\/strong> 4 + 2 Badezimmer<\/li><li><strong data-start=\"126\" data-end=\"141\">Verbindung:<\/strong> Unterirdische Galerie als Verbindung zur Hauptvilla<\/li><li><strong data-start=\"190\" data-end=\"203\">Ausstattung:<\/strong> Privater Aufzug, Luxusk\u00fcche, Kamin, Sichtschutzbeschattung<\/li><li><strong data-start=\"267\" data-end=\"278\">Zugang:<\/strong> Separater Eingang f\u00fcr vollst\u00e4ndige Autonomie<\/li><\/ul>\t\t\t\t\t\t\t\t<\/div>\n\t\t<div class=\"elementor-element elementor-element-5d511eb e-con-full e-flex e-con e-child\" data-id=\"5d511eb\" data-element_type=\"container\" data-e-type=\"container\">\n\t\t\t\t<div class=\"elementor-element elementor-element-1441fd0 at-heading-animation at-animation-heading-style-2 elementor-widget elementor-widget-heading\" data-id=\"1441fd0\" data-element_type=\"widget\" data-e-type=\"widget\" data-settings=\"{&quot;ekit_we_effect_on&quot;:&quot;none&quot;}\" data-widget_type=\"heading.default\">\n\t\t\t\t\t<h2 class=\"elementor-heading-title elementor-size-default\">ANSPRECHPUNKTE<\/h2>\t\t\t\t<\/div>\n\t\t\t\t<div class=\"elementor-element elementor-element-c789c5e elementor-invisible elementor-widget elementor-widget-text-editor\" data-id=\"c789c5e\" data-element_type=\"widget\" data-e-type=\"widget\" data-settings=\"{&quot;_animation&quot;:&quot;fadeInUp&quot;,&quot;_animation_delay&quot;:100,&quot;ekit_we_effect_on&quot;:&quot;none&quot;}\" data-widget_type=\"text-editor.default\">\n\t\t\t\t\t\t\t\t\t<ul><li><strong>Betriebliche Autonomie:<\/strong> Separates 160 m\u00b2 gro\u00dfes Geb\u00e4ude f\u00fcr Personal oder Sicherheitsdienst.<\/li><li><strong>Absolute Trennung:<\/strong> Eigener Lieferantenzugang f\u00fcr diskretes Catering und Logistik.<\/li><li><strong>Gro\u00dfz\u00fcgige Fuhrparkkapazit\u00e4t:<\/strong> Zwei Doppelgaragen und Stellpl\u00e4tze f\u00fcr Wohnmobil, Boot oder LKW.<\/li><li><strong>Funktionale Extras:<\/strong> Professionelle Hundewaschstation und umfangreiche Lagerkapazit\u00e4ten.<\/li><\/ul>\t\t\t\t\t\t\t\t<\/div>\n\t\t\t\t<div class=\"elementor-element elementor-element-bc42c0d elementor-widget elementor-widget-button\" data-id=\"bc42c0d\" data-element_type=\"widget\" data-e-type=\"widget\" data-settings=\"{&quot;ekit_we_effect_on&quot;:&quot;none&quot;}\" data-widget_type=\"button.default\">\n\t\t\t\t\t\t\t\t\t\t<a class=\"elementor-button elementor-button-link elementor-size-sm\" href=\"https:\/\/thebavariaresidence.com\/de\/kontakt\/\">\n\t\t\t\t\t\t<span class=\"elementor-button-content-wrapper\">\n\t\t\t\t\t\t<span class=\"elementor-button-icon\">\n\t\t\t\t<i aria-hidden=\"true\" class=\"icon icon-contact\"><\/i>\t\t\t<\/span>\n\t\t\t\t\t\t\t\t\t<span class=\"elementor-button-text\">KONTAKT AUFNEHMEN<\/span>\n\t\t\t\t\t<\/span>\n\t\t\t\t\t<\/a>\n\t\t\t\t\t\t\t\t<\/div>\n\t\t\t\t<\/div>\n\t\t\t\t<\/div>\n\t\t\t\t<\/div>\n\t\t\t\t\t<\/div>\n\t\t\t\t<\/div>\n\t\t\t\t<\/div>\n\t\t","protected":false},"excerpt":{"rendered":"<p>PERSONALHAUS WHAT WE PROVIDE The Main Residence The Boat House The Guest [&hellip;]<\/p>\n","protected":false},"author":1,"featured_media":0,"parent":0,"menu_order":0,"comment_status":"closed","ping_status":"closed","template":"elementor_header_footer","meta":{"footnotes":""},"class_list":["post-12157","page","type-page","status-publish","hentry"],"_links":{"self":[{"href":"https:\/\/thebavariaresidence.com\/de\/wp-json\/wp\/v2\/pages\/12157","targetHints":{"allow":["GET"]}}],"collection":[{"href":"https:\/\/thebavariaresidence.com\/de\/wp-json\/wp\/v2\/pages"}],"about":[{"href":"https:\/\/thebavariaresidence.com\/de\/wp-json\/wp\/v2\/types\/page"}],"author":[{"embeddable":true,"href":"https:\/\/thebavariaresidence.com\/de\/wp-json\/wp\/v2\/users\/1"}],"replies":[{"embeddable":true,"href":"https:\/\/thebavariaresidence.com\/de\/wp-json\/wp\/v2\/comments?post=12157"}],"version-history":[{"count":1,"href":"https:\/\/thebavariaresidence.com\/de\/wp-json\/wp\/v2\/pages\/12157\/revisions"}],"predecessor-version":[{"id":12158,"href":"https:\/\/thebavariaresidence.com\/de\/wp-json\/wp\/v2\/pages\/12157\/revisions\/12158"}],"wp:attachment":[{"href":"https:\/\/thebavariaresidence.com\/de\/wp-json\/wp\/v2\/media?parent=12157"}],"curies":[{"name":"wp","href":"https:\/\/api.w.org\/{rel}","templated":true}]}}